{"id":1448,"date":"2022-06-27T13:48:49","date_gmt":"2022-06-27T13:48:49","guid":{"rendered":"https:\/\/aortopediauniversal.com\/?post_type=product&#038;p=1448"},"modified":"2024-09-23T17:01:27","modified_gmt":"2024-09-23T17:01:27","slug":"ou331-orinal-hombre","status":"publish","type":"product","link":"https:\/\/aortopediauniversal.com\/es\/tienda\/auxiliares-para-banos\/comodos\/ou331-orinal-hombre\/","title":{"rendered":"OU331 &#8211; ORINAL HOMBRE"},"content":{"rendered":"<p>Articulo Port\u00e1til para orinar para hombres, orinar de pie, sin derrames, ideal durante las noches o en cama, protecci\u00f3n en viajes por carretera, camping, navegaci\u00f3n, senderismo, actividades al aire libre y m\u00e1s.<\/p>\n","protected":false},"excerpt":{"rendered":"<p>Articulo Port\u00e1til para orinar para hombres, orinar de pie, sin derrames, &#8230; <\/p>\n","protected":false},"featured_media":1472,"comment_status":"closed","ping_status":"closed","template":"","meta":{"_monsterinsights_skip_tracking":false,"_monsterinsights_sitenote_active":false,"_monsterinsights_sitenote_note":"","_monsterinsights_sitenote_category":0,"_joinchat":[]},"product_brand":[],"product_cat":[82,83],"product_tag":[],"class_list":{"0":"post-1448","1":"product","2":"type-product","3":"status-publish","4":"has-post-thumbnail","6":"product_cat-auxiliares-para-banos","7":"product_cat-comodos","9":"first","10":"instock","11":"shipping-taxable","12":"product-type-simple"},"aioseo_notices":[],"_links":{"self":[{"href":"https:\/\/aortopediauniversal.com\/es\/wp-json\/wp\/v2\/product\/1448","targetHints":{"allow":["GET"]}}],"collection":[{"href":"https:\/\/aortopediauniversal.com\/es\/wp-json\/wp\/v2\/product"}],"about":[{"href":"https:\/\/aortopediauniversal.com\/es\/wp-json\/wp\/v2\/types\/product"}],"replies":[{"embeddable":true,"href":"https:\/\/aortopediauniversal.com\/es\/wp-json\/wp\/v2\/comments?post=1448"}],"wp:featuredmedia":[{"embeddable":true,"href":"https:\/\/aortopediauniversal.com\/es\/wp-json\/wp\/v2\/media\/1472"}],"wp:attachment":[{"href":"https:\/\/aortopediauniversal.com\/es\/wp-json\/wp\/v2\/media?parent=1448"}],"wp:term":[{"taxonomy":"product_brand","embeddable":true,"href":"https:\/\/aortopediauniversal.com\/es\/wp-json\/wp\/v2\/product_brand?post=1448"},{"taxonomy":"product_cat","embeddable":true,"href":"https:\/\/aortopediauniversal.com\/es\/wp-json\/wp\/v2\/product_cat?post=1448"},{"taxonomy":"product_tag","embeddable":true,"href":"https:\/\/aortopediauniversal.com\/es\/wp-json\/wp\/v2\/product_tag?post=1448"}],"curies":[{"name":"wp","href":"https:\/\/api.w.org\/{rel}","templated":true}]}}