{"id":1449,"date":"2022-06-27T13:50:30","date_gmt":"2022-06-27T13:50:30","guid":{"rendered":"https:\/\/aortopediauniversal.com\/?post_type=product&#038;p=1449"},"modified":"2024-09-23T17:01:27","modified_gmt":"2024-09-23T17:01:27","slug":"ou332-comodo-adulto","status":"publish","type":"product","link":"https:\/\/aortopediauniversal.com\/es\/tienda\/auxiliares-para-banos\/comodos\/ou332-comodo-adulto\/","title":{"rendered":"OU332 &#8211; COMODO ADULTO"},"content":{"rendered":"<p>El C\u00f3modo Azul es un accesorio m\u00e9dico elaborado con materiales pl\u00e1sticos muy resistentes.<\/p>\n","protected":false},"excerpt":{"rendered":"<p>El C\u00f3modo Azul es un accesorio m\u00e9dico elaborado con materiales pl\u00e1sticos &#8230; <\/p>\n","protected":false},"featured_media":1469,"comment_status":"closed","ping_status":"closed","template":"","meta":{"_monsterinsights_skip_tracking":false,"_monsterinsights_sitenote_active":false,"_monsterinsights_sitenote_note":"","_monsterinsights_sitenote_category":0,"_joinchat":[]},"product_brand":[],"product_cat":[82,83],"product_tag":[],"class_list":{"0":"post-1449","1":"product","2":"type-product","3":"status-publish","4":"has-post-thumbnail","6":"product_cat-auxiliares-para-banos","7":"product_cat-comodos","9":"first","10":"instock","11":"shipping-taxable","12":"product-type-simple"},"aioseo_notices":[],"_links":{"self":[{"href":"https:\/\/aortopediauniversal.com\/es\/wp-json\/wp\/v2\/product\/1449","targetHints":{"allow":["GET"]}}],"collection":[{"href":"https:\/\/aortopediauniversal.com\/es\/wp-json\/wp\/v2\/product"}],"about":[{"href":"https:\/\/aortopediauniversal.com\/es\/wp-json\/wp\/v2\/types\/product"}],"replies":[{"embeddable":true,"href":"https:\/\/aortopediauniversal.com\/es\/wp-json\/wp\/v2\/comments?post=1449"}],"wp:featuredmedia":[{"embeddable":true,"href":"https:\/\/aortopediauniversal.com\/es\/wp-json\/wp\/v2\/media\/1469"}],"wp:attachment":[{"href":"https:\/\/aortopediauniversal.com\/es\/wp-json\/wp\/v2\/media?parent=1449"}],"wp:term":[{"taxonomy":"product_brand","embeddable":true,"href":"https:\/\/aortopediauniversal.com\/es\/wp-json\/wp\/v2\/product_brand?post=1449"},{"taxonomy":"product_cat","embeddable":true,"href":"https:\/\/aortopediauniversal.com\/es\/wp-json\/wp\/v2\/product_cat?post=1449"},{"taxonomy":"product_tag","embeddable":true,"href":"https:\/\/aortopediauniversal.com\/es\/wp-json\/wp\/v2\/product_tag?post=1449"}],"curies":[{"name":"wp","href":"https:\/\/api.w.org\/{rel}","templated":true}]}}