{"id":1452,"date":"2022-06-27T13:54:45","date_gmt":"2022-06-27T13:54:45","guid":{"rendered":"https:\/\/aortopediauniversal.com\/?post_type=product&#038;p=1452"},"modified":"2024-09-23T17:01:26","modified_gmt":"2024-09-23T17:01:26","slug":"ou335-zapato-ortopedico-nino","status":"publish","type":"product","link":"https:\/\/aortopediauniversal.com\/es\/tienda\/ortopedia\/zapato\/ou335-zapato-ortopedico-nino\/","title":{"rendered":"OU335 &#8211; ZAPATO ORTOPEDICO NI\u00d1O"},"content":{"rendered":"<p>Los calzados ortop\u00e9dicos son aquellos zapatos indicados y utilizados por una persona que presenta alg\u00fan tipo de patolog\u00eda asociada a una deficiencia o deformaci\u00f3n en uno o ambos pies. Los zapatos de los ni\u00f1os con pies planos deben estar confeccionados con materiales transpirables para evitar la sudoraci\u00f3n excesiva y afecciones de la piel, como las infecciones provocadas por los hongos. Evitar en la medida de lo posible el uso de botas, que no permiten la correcta movilidad del tobillo.<\/p>\n","protected":false},"excerpt":{"rendered":"<p>Los calzados ortop\u00e9dicos son aquellos zapatos indicados y utilizados por una &#8230; <\/p>\n","protected":false},"featured_media":1481,"comment_status":"closed","ping_status":"closed","template":"","meta":{"_monsterinsights_skip_tracking":false,"_monsterinsights_sitenote_active":false,"_monsterinsights_sitenote_note":"","_monsterinsights_sitenote_category":0,"_joinchat":[]},"product_brand":[],"product_cat":[75,96],"product_tag":[],"class_list":{"0":"post-1452","1":"product","2":"type-product","3":"status-publish","4":"has-post-thumbnail","6":"product_cat-ortopedia","7":"product_cat-zapato","9":"first","10":"instock","11":"shipping-taxable","12":"product-type-simple"},"aioseo_notices":[],"_links":{"self":[{"href":"https:\/\/aortopediauniversal.com\/es\/wp-json\/wp\/v2\/product\/1452","targetHints":{"allow":["GET"]}}],"collection":[{"href":"https:\/\/aortopediauniversal.com\/es\/wp-json\/wp\/v2\/product"}],"about":[{"href":"https:\/\/aortopediauniversal.com\/es\/wp-json\/wp\/v2\/types\/product"}],"replies":[{"embeddable":true,"href":"https:\/\/aortopediauniversal.com\/es\/wp-json\/wp\/v2\/comments?post=1452"}],"wp:featuredmedia":[{"embeddable":true,"href":"https:\/\/aortopediauniversal.com\/es\/wp-json\/wp\/v2\/media\/1481"}],"wp:attachment":[{"href":"https:\/\/aortopediauniversal.com\/es\/wp-json\/wp\/v2\/media?parent=1452"}],"wp:term":[{"taxonomy":"product_brand","embeddable":true,"href":"https:\/\/aortopediauniversal.com\/es\/wp-json\/wp\/v2\/product_brand?post=1452"},{"taxonomy":"product_cat","embeddable":true,"href":"https:\/\/aortopediauniversal.com\/es\/wp-json\/wp\/v2\/product_cat?post=1452"},{"taxonomy":"product_tag","embeddable":true,"href":"https:\/\/aortopediauniversal.com\/es\/wp-json\/wp\/v2\/product_tag?post=1452"}],"curies":[{"name":"wp","href":"https:\/\/api.w.org\/{rel}","templated":true}]}}