{"id":2891,"date":"2024-01-23T01:19:56","date_gmt":"2024-01-23T01:19:56","guid":{"rendered":"https:\/\/aortopediauniversal.com\/?post_type=product&#038;p=2891"},"modified":"2024-09-23T17:01:07","modified_gmt":"2024-09-23T17:01:07","slug":"ou394-ferula-palmar","status":"publish","type":"product","link":"https:\/\/aortopediauniversal.com\/es\/tienda\/ortopedia\/munequera\/ou394-ferula-palmar\/","title":{"rendered":"OU394 &#8211; FERULA PALMAR"},"content":{"rendered":"","protected":false},"excerpt":{"rendered":"<ul>\n<li><span style=\"color: #808080;\">F\u00e9rula indicada para la in-movilizaci\u00f3n de la mu\u00f1eca, &#8230;<br \/>\n","protected":false},"featured_media":2957,"comment_status":"closed","ping_status":"closed","template":"","meta":{"_monsterinsights_skip_tracking":false,"_monsterinsights_sitenote_active":false,"_monsterinsights_sitenote_note":"","_monsterinsights_sitenote_category":0,"_joinchat":[]},"product_brand":[],"product_cat":[103,75],"product_tag":[224,122,123,124],"class_list":{"0":"post-2891","1":"product","2":"type-product","3":"status-publish","4":"has-post-thumbnail","6":"product_cat-munequera","7":"product_cat-ortopedia","8":"product_tag-ferula-palmar","9":"product_tag-ferulas","10":"product_tag-inmovilizadores","11":"product_tag-ortopedia","13":"first","14":"instock","15":"shipping-taxable","16":"product-type-simple"},"aioseo_notices":[],"_links":{"self":[{"href":"https:\/\/aortopediauniversal.com\/es\/wp-json\/wp\/v2\/product\/2891","targetHints":{"allow":["GET"]}}],"collection":[{"href":"https:\/\/aortopediauniversal.com\/es\/wp-json\/wp\/v2\/product"}],"about":[{"href":"https:\/\/aortopediauniversal.com\/es\/wp-json\/wp\/v2\/types\/product"}],"replies":[{"embeddable":true,"href":"https:\/\/aortopediauniversal.com\/es\/wp-json\/wp\/v2\/comments?post=2891"}],"wp:featuredmedia":[{"embeddable":true,"href":"https:\/\/aortopediauniversal.com\/es\/wp-json\/wp\/v2\/media\/2957"}],"wp:attachment":[{"href":"https:\/\/aortopediauniversal.com\/es\/wp-json\/wp\/v2\/media?parent=2891"}],"wp:term":[{"taxonomy":"product_brand","embeddable":true,"href":"https:\/\/aortopediauniversal.com\/es\/wp-json\/wp\/v2\/product_brand?post=2891"},{"taxonomy":"product_cat","embeddable":true,"href":"https:\/\/aortopediauniversal.com\/es\/wp-json\/wp\/v2\/product_cat?post=2891"},{"taxonomy":"product_tag","embeddable":true,"href":"https:\/\/aortopediauniversal.com\/es\/wp-json\/wp\/v2\/product_tag?post=2891"}],"curies":[{"name":"wp","href":"https:\/\/api.w.org\/{rel}","templated":true}]}}