{"id":2914,"date":"2024-01-23T03:14:17","date_gmt":"2024-01-23T03:14:17","guid":{"rendered":"https:\/\/aortopediauniversal.com\/?post_type=product&#038;p=2914"},"modified":"2024-09-23T17:01:04","modified_gmt":"2024-09-23T17:01:04","slug":"ou407-ortesis-de-pie-polipropileno-kenpes","status":"publish","type":"product","link":"https:\/\/aortopediauniversal.com\/es\/tienda\/ortopedia\/ferulas\/ou407-ortesis-de-pie-polipropileno-kenpes\/","title":{"rendered":"OU407 &#8211; ORTESIS DE PIE POLIPROP\u00cdLENO"},"content":{"rendered":"","protected":false},"excerpt":{"rendered":"<ul>\n<li><span style=\"color: #808080;\"><b>Adecuado para m\u00fasculos plantares d\u00e9biles, pie ca\u00eddo causado &#8230;<br \/>\n","protected":false},"featured_media":3025,"comment_status":"closed","ping_status":"closed","template":"","meta":{"_monsterinsights_skip_tracking":false,"_monsterinsights_sitenote_active":false,"_monsterinsights_sitenote_note":"","_monsterinsights_sitenote_category":0,"_joinchat":[]},"product_brand":[],"product_cat":[98,75,100],"product_tag":[238,237,239,124],"class_list":{"0":"post-2914","1":"product","2":"type-product","3":"status-publish","4":"has-post-thumbnail","6":"product_cat-ferulas","7":"product_cat-ortopedia","8":"product_cat-tobilleras","9":"product_tag-ferula-de-polipropileno","10":"product_tag-ferula-pie","11":"product_tag-ortesis-de-pie","12":"product_tag-ortopedia","14":"first","15":"instock","16":"shipping-taxable","17":"product-type-simple"},"aioseo_notices":[],"_links":{"self":[{"href":"https:\/\/aortopediauniversal.com\/es\/wp-json\/wp\/v2\/product\/2914","targetHints":{"allow":["GET"]}}],"collection":[{"href":"https:\/\/aortopediauniversal.com\/es\/wp-json\/wp\/v2\/product"}],"about":[{"href":"https:\/\/aortopediauniversal.com\/es\/wp-json\/wp\/v2\/types\/product"}],"replies":[{"embeddable":true,"href":"https:\/\/aortopediauniversal.com\/es\/wp-json\/wp\/v2\/comments?post=2914"}],"wp:featuredmedia":[{"embeddable":true,"href":"https:\/\/aortopediauniversal.com\/es\/wp-json\/wp\/v2\/media\/3025"}],"wp:attachment":[{"href":"https:\/\/aortopediauniversal.com\/es\/wp-json\/wp\/v2\/media?parent=2914"}],"wp:term":[{"taxonomy":"product_brand","embeddable":true,"href":"https:\/\/aortopediauniversal.com\/es\/wp-json\/wp\/v2\/product_brand?post=2914"},{"taxonomy":"product_cat","embeddable":true,"href":"https:\/\/aortopediauniversal.com\/es\/wp-json\/wp\/v2\/product_cat?post=2914"},{"taxonomy":"product_tag","embeddable":true,"href":"https:\/\/aortopediauniversal.com\/es\/wp-json\/wp\/v2\/product_tag?post=2914"}],"curies":[{"name":"wp","href":"https:\/\/api.w.org\/{rel}","templated":true}]}}