{"id":3971,"date":"2025-07-09T14:48:20","date_gmt":"2025-07-09T20:48:20","guid":{"rendered":"https:\/\/aortopediauniversal.com\/?post_type=product&#038;p=3971"},"modified":"2025-07-09T15:09:47","modified_gmt":"2025-07-09T21:09:47","slug":"ou425-tens-digital","status":"publish","type":"product","link":"https:\/\/aortopediauniversal.com\/es\/tienda\/rehabilitacion-2\/ou425-tens-digital\/","title":{"rendered":"OU425 &#8211; TENS DIGITAL"},"content":{"rendered":"<ul class=\"caracteristicas\">\n<li><span style=\"color: #666666;\">El estimulador del sistema nervioso digital es un generador de impulsos el\u00e9ctricos que se utiliza para aliviar el dolor cr\u00f3nico y postoperatorio<\/span><\/li>\n<li><span style=\"color: #666666;\">Su pantalla digital cuenta con un contador de tiempo \/ modo \/ intensidad \/ valor \/ indicador de bater\u00eda, <\/span><\/li>\n<li><span style=\"color: #666666;\">Cuenta con tres modos de uso: B (R\u00e1faga), N (Normal), y M (modulaci\u00f3n)<\/span><\/li>\n<li><span style=\"color: #666666;\">Cuenta con funci\u00f3n de memoria para que la unidad no pierda la configuraci\u00f3n del Usuario, como la frecuencia y el ancho de pulso cuando la bater\u00eda se retire por un periodo de tiempo<\/span><\/li>\n<li><span style=\"color: #666666;\">Intensidad de pulso de 1 a 150 Hz<\/span><\/li>\n<li><span style=\"color: #666666;\">Bateria de 9v<\/span><\/li>\n<\/ul>\n<p>&nbsp;<\/p>\n<p style=\"text-align: right;\"><span style=\"color: #35d800;\"><em><strong>UBICACI\u00d3N\u00a0<\/strong><\/em><\/span><\/p>\n<p style=\"text-align: right;\"><a href=\"https:\/\/g.page\/AORTOPEDIAUNIVERSAL?share\">https:\/\/g.page\/AORTOPEDIAUNIVERSAL?share<\/a><\/p>\n<p>&nbsp;<\/p>\n<p>&nbsp;<\/p>\n","protected":false},"excerpt":{"rendered":"<p>El estimulador del sistema nervioso digital es un generador de impulsos &#8230; <\/p>\n","protected":false},"featured_media":3972,"comment_status":"closed","ping_status":"closed","template":"","meta":{"_monsterinsights_skip_tracking":false,"_monsterinsights_sitenote_active":false,"_monsterinsights_sitenote_note":"","_monsterinsights_sitenote_category":0,"_joinchat":[]},"product_brand":[],"product_cat":[76],"product_tag":[273,269,226,227,271,272,124,270],"class_list":{"0":"post-3971","1":"product","2":"type-product","3":"status-publish","4":"has-post-thumbnail","6":"product_cat-rehabilitacion-2","7":"product_tag-aliviar-el-dolor-cronico","8":"product_tag-biotens","9":"product_tag-ejercitador-muscular","10":"product_tag-electrodos","11":"product_tag-estimulador","12":"product_tag-impulsos-electricos","13":"product_tag-ortopedia","14":"product_tag-sistema-nervioso","16":"first","17":"instock","18":"shipping-taxable","19":"purchasable","20":"product-type-simple"},"aioseo_notices":[],"_links":{"self":[{"href":"https:\/\/aortopediauniversal.com\/es\/wp-json\/wp\/v2\/product\/3971","targetHints":{"allow":["GET"]}}],"collection":[{"href":"https:\/\/aortopediauniversal.com\/es\/wp-json\/wp\/v2\/product"}],"about":[{"href":"https:\/\/aortopediauniversal.com\/es\/wp-json\/wp\/v2\/types\/product"}],"replies":[{"embeddable":true,"href":"https:\/\/aortopediauniversal.com\/es\/wp-json\/wp\/v2\/comments?post=3971"}],"wp:featuredmedia":[{"embeddable":true,"href":"https:\/\/aortopediauniversal.com\/es\/wp-json\/wp\/v2\/media\/3972"}],"wp:attachment":[{"href":"https:\/\/aortopediauniversal.com\/es\/wp-json\/wp\/v2\/media?parent=3971"}],"wp:term":[{"taxonomy":"product_brand","embeddable":true,"href":"https:\/\/aortopediauniversal.com\/es\/wp-json\/wp\/v2\/product_brand?post=3971"},{"taxonomy":"product_cat","embeddable":true,"href":"https:\/\/aortopediauniversal.com\/es\/wp-json\/wp\/v2\/product_cat?post=3971"},{"taxonomy":"product_tag","embeddable":true,"href":"https:\/\/aortopediauniversal.com\/es\/wp-json\/wp\/v2\/product_tag?post=3971"}],"curies":[{"name":"wp","href":"https:\/\/api.w.org\/{rel}","templated":true}]}}