{"id":478,"date":"2022-03-14T16:12:47","date_gmt":"2022-03-14T16:12:47","guid":{"rendered":"https:\/\/aortopediauniversal.com\/product\/producto-7\/"},"modified":"2024-09-23T17:02:48","modified_gmt":"2024-09-23T17:02:48","slug":"producto-7","status":"publish","type":"product","link":"https:\/\/aortopediauniversal.com\/es\/tienda\/ambulatorio\/baston-1-apoyo\/producto-7\/","title":{"rendered":"OU115 &#8211; BAST\u00d3N MANGO FR\u00c1NCES DISE\u00d1O EN MADERA"},"content":{"rendered":"<ol>\n<li><span style=\"color: #808080;\">Fabricado en aluminio.<\/span><\/li>\n<li><span style=\"color: #808080;\">Mango anat\u00f3mico.<\/span><\/li>\n<li><span style=\"color: #808080;\">Altura ajustable.<\/span><\/li>\n<li><span style=\"color: #808080;\">Seguro para fijar la altura anti vibraci\u00f3n.<\/span><\/li>\n<li><span style=\"color: #808080;\">Regat\u00f3n anti-derrapante.<\/span><\/li>\n<li><span style=\"color: #0000ff;\"><em><strong>Peso M\u00e1ximo 100 kg.<\/strong><\/em><\/span><\/li>\n<\/ol>\n<p style=\"text-align: right;\"><em><strong><span style=\"color: #0000ff;\">UBICACI\u00d3N<\/span><\/strong><\/em><\/p>\n<p style=\"text-align: right;\"><a href=\"https:\/\/g.page\/AORTOPEDIAUNIVERSAL?share\">https:\/\/g.page\/AORTOPEDIAUNIVERSAL?share<\/a><\/p>\n","protected":false},"excerpt":{"rendered":"<p>Fabricado en aluminio. Mango anat\u00f3mico. Altura ajustable. Seguro para fijar la &#8230; <\/p>\n","protected":false},"featured_media":814,"comment_status":"closed","ping_status":"closed","template":"","meta":{"_monsterinsights_skip_tracking":false,"_monsterinsights_sitenote_active":false,"_monsterinsights_sitenote_note":"","_monsterinsights_sitenote_category":0,"_joinchat":[]},"product_brand":[],"product_cat":[71,90],"product_tag":[],"class_list":{"0":"post-478","1":"product","2":"type-product","3":"status-publish","4":"has-post-thumbnail","6":"product_cat-ambulatorio","7":"product_cat-baston-1-apoyo","9":"first","10":"instock","11":"shipping-taxable","12":"purchasable","13":"product-type-simple"},"aioseo_notices":[],"_links":{"self":[{"href":"https:\/\/aortopediauniversal.com\/es\/wp-json\/wp\/v2\/product\/478","targetHints":{"allow":["GET"]}}],"collection":[{"href":"https:\/\/aortopediauniversal.com\/es\/wp-json\/wp\/v2\/product"}],"about":[{"href":"https:\/\/aortopediauniversal.com\/es\/wp-json\/wp\/v2\/types\/product"}],"replies":[{"embeddable":true,"href":"https:\/\/aortopediauniversal.com\/es\/wp-json\/wp\/v2\/comments?post=478"}],"wp:featuredmedia":[{"embeddable":true,"href":"https:\/\/aortopediauniversal.com\/es\/wp-json\/wp\/v2\/media\/814"}],"wp:attachment":[{"href":"https:\/\/aortopediauniversal.com\/es\/wp-json\/wp\/v2\/media?parent=478"}],"wp:term":[{"taxonomy":"product_brand","embeddable":true,"href":"https:\/\/aortopediauniversal.com\/es\/wp-json\/wp\/v2\/product_brand?post=478"},{"taxonomy":"product_cat","embeddable":true,"href":"https:\/\/aortopediauniversal.com\/es\/wp-json\/wp\/v2\/product_cat?post=478"},{"taxonomy":"product_tag","embeddable":true,"href":"https:\/\/aortopediauniversal.com\/es\/wp-json\/wp\/v2\/product_tag?post=478"}],"curies":[{"name":"wp","href":"https:\/\/api.w.org\/{rel}","templated":true}]}}