{"id":545,"date":"2022-03-14T16:12:56","date_gmt":"2022-03-14T16:12:56","guid":{"rendered":"https:\/\/aortopediauniversal.com\/product\/producto-38\/"},"modified":"2024-09-23T17:02:29","modified_gmt":"2024-09-23T17:02:29","slug":"producto-38","status":"publish","type":"product","link":"https:\/\/aortopediauniversal.com\/es\/tienda\/ortopedia\/ferulas\/producto-38\/","title":{"rendered":"OU173 &#8211; F\u00e9rula para Mu\u00f1eca con Pulgar en Abducci\u00f3n"},"content":{"rendered":"<p>Comodo Diseno.<br \/>\nTalla: Universal ajustable. Lado: Izquierdo o Derecho.<br \/>\nUtilizada para esguinces de muneca_ distenciones_ lesiones de escafoides_ lesion del ligamento colateral cubital de muneca y Tenosinovitis de Quervain_ entre otras lesiones de muneca.<br \/>\nProvee una efectiva inmovilizacion y proteccion a largo plazo_ ya que cuenta con una varilla rigida y dos flexibles como complemento a su inmovilizacion. Por su diseno es muy comoda<\/p>\n","protected":false},"excerpt":{"rendered":"<p>Comodo Diseno. Talla: Universal ajustable. Lado: Izquierdo o Derecho. Utilizada para &#8230; <\/p>\n","protected":false},"featured_media":1007,"comment_status":"closed","ping_status":"closed","template":"","meta":{"_monsterinsights_skip_tracking":false,"_monsterinsights_sitenote_active":false,"_monsterinsights_sitenote_note":"","_monsterinsights_sitenote_category":0,"_joinchat":[]},"product_brand":[],"product_cat":[98,75],"product_tag":[],"class_list":{"0":"post-545","1":"product","2":"type-product","3":"status-publish","4":"has-post-thumbnail","6":"product_cat-ferulas","7":"product_cat-ortopedia","9":"first","10":"instock","11":"shipping-taxable","12":"purchasable","13":"product-type-simple"},"aioseo_notices":[],"_links":{"self":[{"href":"https:\/\/aortopediauniversal.com\/es\/wp-json\/wp\/v2\/product\/545","targetHints":{"allow":["GET"]}}],"collection":[{"href":"https:\/\/aortopediauniversal.com\/es\/wp-json\/wp\/v2\/product"}],"about":[{"href":"https:\/\/aortopediauniversal.com\/es\/wp-json\/wp\/v2\/types\/product"}],"replies":[{"embeddable":true,"href":"https:\/\/aortopediauniversal.com\/es\/wp-json\/wp\/v2\/comments?post=545"}],"wp:featuredmedia":[{"embeddable":true,"href":"https:\/\/aortopediauniversal.com\/es\/wp-json\/wp\/v2\/media\/1007"}],"wp:attachment":[{"href":"https:\/\/aortopediauniversal.com\/es\/wp-json\/wp\/v2\/media?parent=545"}],"wp:term":[{"taxonomy":"product_brand","embeddable":true,"href":"https:\/\/aortopediauniversal.com\/es\/wp-json\/wp\/v2\/product_brand?post=545"},{"taxonomy":"product_cat","embeddable":true,"href":"https:\/\/aortopediauniversal.com\/es\/wp-json\/wp\/v2\/product_cat?post=545"},{"taxonomy":"product_tag","embeddable":true,"href":"https:\/\/aortopediauniversal.com\/es\/wp-json\/wp\/v2\/product_tag?post=545"}],"curies":[{"name":"wp","href":"https:\/\/api.w.org\/{rel}","templated":true}]}}